{"id":33164,"date":"2024-07-30T18:24:30","date_gmt":"2024-07-30T18:24:30","guid":{"rendered":"https:\/\/variastore.ro\/?post_type=product&#038;p=33164"},"modified":"2025-03-23T05:27:46","modified_gmt":"2025-03-23T05:27:46","slug":"quiet-book-floarea-soarelui-quiet-book-montessori-jucarie-educativa-quiet-book-de-activitati","status":"publish","type":"product","link":"https:\/\/variastore.ro\/en\/product\/quiet-book-floarea-soarelui-quiet-book-montessori-jucarie-educativa-quiet-book-de-activitati\/","title":{"rendered":"Quiet Book \u201eFloarea Soarelui\u201d, Quiet Book Montessori, Juc\u0103rie educativ\u0103, Quiet Book de activit\u0103\u021bi"},"content":{"rendered":"<h1>Quiet Book \u201eFloarea Soarelui\u201d, Quiet Book Montessori, Juc\u0103rie educativ\u0103, Quiet Book de activit\u0103\u021bi<\/h1>\n<p>&nbsp;<\/p>\n<p>Transform\u0103 \u00eenv\u0103\u021barea cu cartea noastr\u0103 lini\u0219tit\u0103 realizat\u0103 manual!<\/p>\n<p>V\u0103 prezent\u0103m Cartea noastr\u0103 lini\u0219tit\u0103, fermec\u0103toare, realizat\u0103 manual, centrat\u0103 pe activit\u0103\u021bi casnice, conceput\u0103 pentru a \u00eenc\u00e2nta \u0219i educa micu\u021bul dvs. Urm\u00e2nd principiile Montessori, acest instrument educa\u021bional ofer\u0103 numeroase beneficii:<\/p>\n<p>1. \u00cembun\u0103t\u0103\u021be\u0219te abilit\u0103\u021bile motorii fine<br \/>\nCartea noastr\u0103 lini\u0219tit\u0103 include activit\u0103\u021bi precum nasturi, fermoar, legare \u0219i sortare, care ajut\u0103 copilul s\u0103-\u0219i dezvolte abilit\u0103\u021bile motorii fine \u0219i s\u0103 \u00eembun\u0103t\u0103\u021beasc\u0103 coordonarea m\u00e2n\u0103-ochi.<\/p>\n<p>2. Cultiveaz\u0103 independen\u021ba \u0219i abilit\u0103\u021bile practice<br \/>\nAliniat\u0103 cu filozofia Montessori, Cartea noastr\u0103 lini\u0219tit\u0103 \u00eencurajeaz\u0103 copiii s\u0103 practice sarcini din lumea real\u0103, promov\u00e2nd independen\u021ba \u0219i \u00eencrederea \u00een sine. Activit\u0103\u021bi precum g\u0103titul, cur\u0103\u021barea \u0219i organizarea imit\u0103 rutinele zilnice, f\u0103c\u00e2nd \u00eenv\u0103\u021barea practic\u0103 \u0219i distractiv\u0103.<\/p>\n<p>3. Stimuleaz\u0103 dezvoltarea cognitiv\u0103<br \/>\nPlin\u0103 de puzzle-uri \u0219i sarcini care provoac\u0103 rezolvarea problemelor \u0219i g\u00e2ndirea critic\u0103, Cartea noastr\u0103 lini\u0219tit\u0103 ajut\u0103 la dezvoltarea memoriei, recunoa\u0219terea modelelor \u0219i secven\u021bierea logic\u0103.<\/p>\n<p>4. \u00cencurajeaz\u0103 jocul lini\u0219tit \u0219i concentrat<br \/>\nPerfect\u0103 pentru a-\u021bi men\u021bine copilul angajat \u00eentr-o manier\u0103 lini\u0219tit\u0103, Cartea noastr\u0103 lini\u0219tit\u0103 este ideal\u0103 pentru c\u0103l\u0103torii, \u00eent\u00e2lniri la medic sau pentru relaxare \u00eenainte de culcare, promov\u00e2nd concentrarea \u0219i r\u0103bdarea.<\/p>\n<p>5. Sigur, durabil \u0219i ecologic<br \/>\nFabricat din materiale de \u00eenalt\u0103 calitate, non-toxice \u0219i durabile, cartea noastr\u0103 lini\u0219tit\u0103 asigur\u0103 siguran\u021ba copilului dumneavoastr\u0103, fiind \u00een acela\u0219i timp bl\u00e2nd cu mediul \u00eenconjur\u0103tor.<\/p>\n<p>6. Personalizat pentru copilul dvs<br \/>\nCartea noastr\u0103 lini\u0219tit\u0103 poate fi personalizat\u0103 pentru a se potrivi preferin\u021belor \u0219i nevoilor de dezvoltare ale copilului dvs., f\u0103c\u00e2ndu-l un cadou unic \u0219i pre\u021buit.<\/p>\n<p>Investe\u0219te \u00eentr-o experien\u021b\u0103 educa\u021bional\u0103 semnificativ\u0103 cu Cartea noastr\u0103 lini\u0219tit\u0103 inspirat\u0103 de Montessori, conceput\u0103 pentru a-\u021bi ajuta copilul s\u0103 \u00eenve\u021be prin joac\u0103. Ideal pentru p\u0103rin\u021bii moderni care pre\u021buiesc calitatea, durabilitatea \u0219i \u00eembog\u0103\u021birea educa\u021bional\u0103.<\/p>\n<p>Dac\u0103 ave\u021bi \u00eentreb\u0103ri, v\u0103 rug\u0103m s\u0103 nu ezita\u021bi s\u0103 m\u0103 contacta\u021bi.<\/p>\n<p>V\u0103 mul\u021bumim pentru aten\u021bie!<\/p>\n<p>&nbsp;<\/p>","protected":false},"excerpt":{"rendered":"<p>Quiet Book \u201eFloarea Soarelui\u201d, Quiet Book Montessori, Juc\u0103rie educativ\u0103, Quiet Book de activit\u0103\u021bi &nbsp; Transform\u0103 \u00eenv\u0103\u021barea cu cartea noastr\u0103 lini\u0219tit\u0103<\/p>","protected":false},"featured_media":33236,"comment_status":"open","ping_status":"closed","template":"","meta":{"om_disable_all_campaigns":false,"_monsterinsights_skip_tracking":false,"_monsterinsights_sitenote_active":false,"_monsterinsights_sitenote_note":"","_monsterinsights_sitenote_category":0,"_uf_show_specific_survey":0,"_uf_disable_surveys":false,"_joinchat":[]},"product_brand":[942],"product_cat":[904],"product_tag":[929,930,928],"class_list":{"0":"post-33164","1":"product","2":"type-product","3":"status-publish","4":"has-post-thumbnail","6":"product_brand-craft-art","7":"product_cat-quiet-book","8":"product_tag-carti-senzoriale","9":"product_tag-montessori","10":"product_tag-quiet-book","11":"product_shipping_class-greutate-maxima-1-kg","12":"pa_brand-craft-art-by-dani","14":"first","15":"instock","16":"shipping-taxable","17":"purchasable","18":"product-type-simple"},"aioseo_notices":[],"_links":{"self":[{"href":"https:\/\/variastore.ro\/en\/wp-json\/wp\/v2\/product\/33164","targetHints":{"allow":["GET"]}}],"collection":[{"href":"https:\/\/variastore.ro\/en\/wp-json\/wp\/v2\/product"}],"about":[{"href":"https:\/\/variastore.ro\/en\/wp-json\/wp\/v2\/types\/product"}],"replies":[{"embeddable":true,"href":"https:\/\/variastore.ro\/en\/wp-json\/wp\/v2\/comments?post=33164"}],"version-history":[{"count":1,"href":"https:\/\/variastore.ro\/en\/wp-json\/wp\/v2\/product\/33164\/revisions"}],"predecessor-version":[{"id":33178,"href":"https:\/\/variastore.ro\/en\/wp-json\/wp\/v2\/product\/33164\/revisions\/33178"}],"wp:featuredmedia":[{"embeddable":true,"href":"https:\/\/variastore.ro\/en\/wp-json\/wp\/v2\/media\/33236"}],"wp:attachment":[{"href":"https:\/\/variastore.ro\/en\/wp-json\/wp\/v2\/media?parent=33164"}],"wp:term":[{"taxonomy":"product_brand","embeddable":true,"href":"https:\/\/variastore.ro\/en\/wp-json\/wp\/v2\/product_brand?post=33164"},{"taxonomy":"product_cat","embeddable":true,"href":"https:\/\/variastore.ro\/en\/wp-json\/wp\/v2\/product_cat?post=33164"},{"taxonomy":"product_tag","embeddable":true,"href":"https:\/\/variastore.ro\/en\/wp-json\/wp\/v2\/product_tag?post=33164"}],"curies":[{"name":"wp","href":"https:\/\/api.w.org\/{rel}","templated":true}]}}