{"id":32799,"date":"2024-06-18T03:24:32","date_gmt":"2024-06-18T03:24:32","guid":{"rendered":"https:\/\/variastore.ro\/?post_type=product&#038;p=32799"},"modified":"2025-03-23T05:37:56","modified_gmt":"2025-03-23T05:37:56","slug":"tablou-gravat-pe-lemn-tocator-de-lemn-caine-dobermann","status":"publish","type":"product","link":"https:\/\/variastore.ro\/en\/product\/tablou-gravat-pe-lemn-tocator-de-lemn-caine-dobermann\/","title":{"rendered":"Tablou gravat pe lemn, tocator de lemn caine DOBERMANN"},"content":{"rendered":"<h1 data-sourcepos=\"1:1-1:107\">Tablou gravat pe lemn, tocator de lemn caine DOBERMANN<\/h1>\n<h2 class=\"\" data-sourcepos=\"1:1-1:107\">Portrete gravate laser cu c\u00e2inele t\u0103u iubit: O capodoper\u0103 personalizat\u0103 pentru orice iubitor de animale!<\/h2>\n<p data-sourcepos=\"3:1-3:2\"><strong>E\u0219ti un pasionat de c\u00e2ini care dore\u0219te s\u0103 p\u0103streze o amintire pre\u021bioas\u0103 cu prietenul s\u0103u bl\u0103nos?<\/strong> Descoper\u0103 portretele gravate laser, o modalitate unic\u0103 de a celebra dragostea ta pentru caini. Realiz\u0103m gravuri personalizate cu orice ras\u0103, transform\u00e2nd o fotografie a c\u00e2inelui t\u0103u \u00eentr-o oper\u0103 de art\u0103 delicat\u0103 pe lemn de calitate.<\/p>\n<p data-sourcepos=\"5:1-5:2\"><strong>Portretele noastre gravate laser sunt:<\/strong><\/p>\n<ul data-sourcepos=\"7:1-8:190\">\n<li data-sourcepos=\"7:1-7:233\"><strong>Un cadou perfect pentru orice iubitor de animale:<\/strong> Ofer\u0103 un portret gravat laser ca un cadou original \u0219i emo\u021bionant pentru o zi de na\u0219tere, o aniversare sau pur \u0219i simplu ca o dovad\u0103 de dragoste pentru prietenul bl\u0103nos al cuiva.<\/li>\n<li data-sourcepos=\"8:1-8:190\"><strong>O modalitate unic\u0103 de a decora casa:<\/strong> Ag\u0103\u021b\u0103 un portret gravat laser pe perete pentru a aduce o not\u0103 cald\u0103 \u0219i personal\u0103 spa\u021biului t\u0103u. Alege un design minimalist sau un portret detaliat, \u00een func\u021bie de preferin\u021bele tale.<a href=\"https:\/\/variastore.ro\/wp-content\/uploads\/2024\/06\/doberman__4-Photoroom.jpg\"><img fetchpriority=\"high\" decoding=\"async\" class=\"wp-image-32794 alignright\" src=\"https:\/\/variastore.ro\/wp-content\/uploads\/2024\/06\/doberman__4-Photoroom-225x300.jpg\" alt=\"\" width=\"389\" height=\"519\" srcset=\"https:\/\/variastore.ro\/wp-content\/uploads\/2024\/06\/doberman__4-Photoroom-225x300.jpg 225w, https:\/\/variastore.ro\/wp-content\/uploads\/2024\/06\/doberman__4-Photoroom-150x200.jpg 150w, https:\/\/variastore.ro\/wp-content\/uploads\/2024\/06\/doberman__4-Photoroom-700x933.jpg 700w, https:\/\/variastore.ro\/wp-content\/uploads\/2024\/06\/doberman__4-Photoroom-600x800.jpg 600w, https:\/\/variastore.ro\/wp-content\/uploads\/2024\/06\/doberman__4-Photoroom-768x1024.jpg 768w, https:\/\/variastore.ro\/wp-content\/uploads\/2024\/06\/doberman__4-Photoroom-9x12.jpg 9w, https:\/\/variastore.ro\/wp-content\/uploads\/2024\/06\/doberman__4-Photoroom.jpg 900w\" sizes=\"(max-width: 389px) 100vw, 389px\" \/><\/a><\/li>\n<li data-sourcepos=\"9:1-10:0\"><strong>Un toc\u0103tor de mas\u0103 practic \u0219i elegant:<\/strong> Bucur\u0103-te de un toc\u0103tor de mas\u0103 unic cu un portret gravat laser al c\u00e2inelui t\u0103u preferat. Adaug\u0103 o not\u0103 de personalitate \u0219i stil la mesele tale!<\/li>\n<\/ul>\n<p data-sourcepos=\"11:1-11:259\"><strong>Toate gravurile noastre sunt realizate cu cea mai mare grij\u0103 pe lemn de calitate, oferind o durabilitate excep\u021bional\u0103 \u0219i un aspect elegant.<\/strong> Alegem cu aten\u021bie materialele \u0219i folosim tehnologie laser de ultim\u0103 genera\u021bie pentru a ob\u021bine rezultate impecabile.<\/p>\n<p data-sourcepos=\"13:1-13:123\"><strong>Comand\u0103 ast\u0103zi un portret gravat laser cu c\u00e2inele t\u0103u iubit \u0219i bucur\u0103-te de o amintire delicat\u0103 care va d\u0103inui \u00een timp!<\/strong><\/p>\n<h2 data-sourcepos=\"13:1-13:123\">*Tablourile sunt gravata pe suport rotund de lemn, diametru aproximativ 25 cm<\/h2>\n<h3>*Lemnul vine tratat cu strat de protectie. La cerere, daca se foloseste ca si tocator, se poate trata cu ulei special pentru &#8220;Food Contact&#8221;. Va rugam specificati in comanda daca doriti tratarea cu ulei certificat pentru contactul cu mancarea.<\/h3>\n<h3>*Timpul mediu de productie si livrare este de 2-3 zile lucratoare de la confirmarea comenzii si a platii.<\/h3>\n<p>&nbsp;<\/p>","protected":false},"excerpt":{"rendered":"<p>\ud83d\udd14 <strong>Ofert\u0103 Special\u0103 pentru Iubitorii de Dobermani!<\/strong> \ud83d\udd14<\/p>\n<p>\ud83d\udc3e E\u0219ti un m\u00e2ndru posesor de Doberman sau cuno\u0219ti pe cineva care este? Avem cadoul perfect pentru tine! \u00ce\u021bi prezent\u0103m toc\u0103toarele noastre personalizate, gravate cu laser, cu designuri superbe de Dobermani. Aceste toc\u0103toare nu sunt doar practice, ci \u0219i o ad\u0103ugire uimitoare \u00een orice buc\u0103t\u0103rie.<\/p>\n<p>\ud83d\udc8e <strong>Lemn de Calitate Superioar\u0103, Stejar \u0219i Fag Rom\u00e2nesc<\/strong>: Toc\u0103toarele noastre sunt realizate din lemn premium, certificat BRC, provenit din surse sustenabile din p\u0103durile Rom\u00e2niei. Fiecare toc\u0103tor este tratat cu ulei sigur pentru alimente, pentru a asigura durabilitate \u0219i siguran\u021b\u0103.<\/p>\n<p>\ud83c\udf1f <strong>Gravuri Personalizate<\/strong>: F\u0103-\u021bi toc\u0103torul cu adev\u0103rat unic cu o gravur\u0103 personalizat\u0103 a iubitul t\u0103u Doberman. Este modul perfect de a-\u021bi ar\u0103ta dragostea pentru prietenul t\u0103u bl\u0103nos!<\/p>\n<p>\ud83c\udf81 <strong>Cadou Ideal<\/strong>: Aceste toc\u0103toare reprezint\u0103 un cadou excep\u021bional pentru orice entuziast de Dobermani. Fie c\u0103 este vorba de o aniversare, o zi de na\u0219tere sau pur \u0219i simplu o surpriz\u0103, &#8220;C\u00e2inele T\u0103u&#8230;Pe Lemn&#8221; va \u00eenc\u00e2nta cu siguran\u021b\u0103.<\/p>\n<p>\ud83d\udd04 <strong>Design Reversibil<\/strong>: Folose\u0219te o parte pentru t\u0103iat \u0219i cealalt\u0103 pentru servit. Este versatil \u0219i func\u021bional!<\/p>\n<p>\ud83d\uded2 <strong>Comand\u0103 Acum<\/strong>: D\u0103 click pe linkul de mai jos pentru a comanda toc\u0103torul t\u0103u personalizat cu Doberman ast\u0103zi. Nu rata aceast\u0103 oportunitate unic\u0103 de a combina practicitatea cu un omagiu emo\u021bionant pentru tovar\u0103\u0219ul t\u0103u loial.<\/p>","protected":false},"featured_media":32796,"comment_status":"open","ping_status":"closed","template":"","meta":{"om_disable_all_campaigns":false,"_monsterinsights_skip_tracking":false,"_monsterinsights_sitenote_active":false,"_monsterinsights_sitenote_note":"","_monsterinsights_sitenote_category":0,"_uf_show_specific_survey":0,"_uf_disable_surveys":false,"_joinchat":[]},"product_brand":[941],"product_cat":[883],"product_tag":[880,898,882,878,881,879,877,899],"class_list":{"0":"post-32799","1":"product","2":"type-product","3":"status-publish","4":"has-post-thumbnail","6":"product_brand-the-wooden-studio","7":"product_cat-tablouri-si-decoratiuni-catei","8":"product_tag-calitate-superioara","9":"product_tag-dobermann","10":"product_tag-food-safety","11":"product_tag-gravat-laser","12":"product_tag-gravura-personalizata","13":"product_tag-lemn-masiv","14":"product_tag-tocator-lemn","15":"product_tag-tocator-lemn-personalizat","16":"product_shipping_class-greutate-maxima-1-kg","17":"pa_brand-wood-and-embrodery","19":"first","20":"instock","21":"shipping-taxable","22":"purchasable","23":"product-type-variable"},"aioseo_notices":[],"_links":{"self":[{"href":"https:\/\/variastore.ro\/en\/wp-json\/wp\/v2\/product\/32799","targetHints":{"allow":["GET"]}}],"collection":[{"href":"https:\/\/variastore.ro\/en\/wp-json\/wp\/v2\/product"}],"about":[{"href":"https:\/\/variastore.ro\/en\/wp-json\/wp\/v2\/types\/product"}],"replies":[{"embeddable":true,"href":"https:\/\/variastore.ro\/en\/wp-json\/wp\/v2\/comments?post=32799"}],"version-history":[{"count":2,"href":"https:\/\/variastore.ro\/en\/wp-json\/wp\/v2\/product\/32799\/revisions"}],"predecessor-version":[{"id":32831,"href":"https:\/\/variastore.ro\/en\/wp-json\/wp\/v2\/product\/32799\/revisions\/32831"}],"wp:featuredmedia":[{"embeddable":true,"href":"https:\/\/variastore.ro\/en\/wp-json\/wp\/v2\/media\/32796"}],"wp:attachment":[{"href":"https:\/\/variastore.ro\/en\/wp-json\/wp\/v2\/media?parent=32799"}],"wp:term":[{"taxonomy":"product_brand","embeddable":true,"href":"https:\/\/variastore.ro\/en\/wp-json\/wp\/v2\/product_brand?post=32799"},{"taxonomy":"product_cat","embeddable":true,"href":"https:\/\/variastore.ro\/en\/wp-json\/wp\/v2\/product_cat?post=32799"},{"taxonomy":"product_tag","embeddable":true,"href":"https:\/\/variastore.ro\/en\/wp-json\/wp\/v2\/product_tag?post=32799"}],"curies":[{"name":"wp","href":"https:\/\/api.w.org\/{rel}","templated":true}]}}