{"id":32359,"date":"2024-06-03T03:36:09","date_gmt":"2024-06-03T03:36:09","guid":{"rendered":"https:\/\/variastore.ro\/?post_type=product&#038;p=32359"},"modified":"2025-03-23T05:26:47","modified_gmt":"2025-03-23T05:26:47","slug":"tablou-gravat-pe-lemn-pisica-rasa-abyssinian-1","status":"publish","type":"product","link":"https:\/\/variastore.ro\/en\/product\/tablou-gravat-pe-lemn-pisica-rasa-abyssinian-1\/","title":{"rendered":"Tablou gravat pe lemn, pisica rasa  &#8216;Abyssinian 1&#8217;"},"content":{"rendered":"<h2 data-sourcepos=\"1:1-1:89\"><\/h2>\n<h2 class=\"\" data-sourcepos=\"1:1-1:89\">Portrete gravate laser cu pisica ta: Un cadou purrfect pentru orice iubitor de feline!<\/h2>\n<p data-sourcepos=\"3:1-3:18\"><strong>E\u0219ti un pasionat de pisici care dore\u0219te s\u0103 p\u0103streze o amintire pre\u021bioas\u0103 cu prietenul s\u0103u bl\u0103nos?<\/strong> Descoper\u0103 portretele gravate laser, o modalitate unic\u0103 de a celebra dragostea ta pentru pisici. Realiz\u0103m gravuri personalizate cu orice ras\u0103, transform\u00e2nd o fotografie a pisicii tale \u00eentr-o oper\u0103 de art\u0103 delicat\u0103 pe lemn de calitate.<\/p>\n<p data-sourcepos=\"5:1-5:42\"><strong>Portretele noastre gravate laser sunt:<\/strong><\/p>\n<ul data-sourcepos=\"7:1-7:143\">\n<li data-sourcepos=\"7:1-7:143\"><strong>Un cadou perfect pentru orice iubitor de animale:<\/strong> Ofer\u0103 un portret gravat laser ca un cadou original \u0219i emo\u021bionant pentru o zi de na\u0219tere, o aniversare sau pur \u0219i simplu ca o dovad\u0103 de dragoste pentru prietenul bl\u0103nos al cuiva.<\/li>\n<li data-sourcepos=\"8:1-8:223\"><strong>O modalitate unic\u0103 de a decora casa:<\/strong> Ag\u0103\u021b\u0103 un portret gravat laser pe perete pentru a aduce o not\u0103 cald\u0103 \u0219i personal\u0103 spa\u021biului t\u0103u. Alege un design minimalist sau un portret detaliat, \u00een func\u021bie de preferin\u021bele tale.<\/li>\n<li data-sourcepos=\"9:1-10:0\"><strong>Un toc\u0103tor de mas\u0103 practic \u0219i elegant:<\/strong> Bucur\u0103-te de un toc\u0103tor de mas\u0103 unic cu un portret gravat laser al pisicii tale preferate. Adaug\u0103 o not\u0103 de personalitate \u0219i stil la mesele tale!<\/li>\n<\/ul>\n<p data-sourcepos=\"11:1-11:211\"><strong>Toate gravurile noastre sunt realizate cu cea mai mare grij\u0103 pe lemn de calitate, oferind o durabilitate excep\u021bional\u0103 \u0219i un aspect elegant.<\/strong> Alegem cu aten\u021bie materialele \u0219i folosim tehnologie laser de ultim\u0103 genera\u021bie pentru a ob\u021bine rezultate impecabile.<\/p>\n<p data-sourcepos=\"13:1-13:122\"><strong>Comand\u0103 ast\u0103zi un portret gravat laser cu pisica ta iubit\u0103 \u0219i bucur\u0103-te de o amintire delicat\u0103 care va d\u0103inui \u00een timp!<\/strong><\/p>\n<h2 data-sourcepos=\"13:1-13:123\">*Tablourile sunt gravata pe suport rotund de lemn, diametru aproximativ 25 cm<\/h2>\n<h3>*Lemnul vine tratat cu strat de protectie. La cerere, daca se foloseste ca si tocator, se poate trata cu ulei special pentru &#8220;Food Contact&#8221;. Va rugam specificati in comanda daca doriti tratarea cu ulei certificat pentru contactul cu mancarea.<\/h3>\n<h3>*Timpul mediu de productie si livrare este de 2-3 zile lucratoare de la confirmarea comenzii si a platii.<\/h3>\n<p>&nbsp;<\/p>","protected":false},"excerpt":{"rendered":"<p>Portrete gravate laser cu pisica ta: Un cadou purrfect pentru orice iubitor de feline! E\u0219ti un pasionat de pisici care<\/p>","protected":false},"featured_media":32360,"comment_status":"open","ping_status":"closed","template":"","meta":{"om_disable_all_campaigns":false,"_monsterinsights_skip_tracking":false,"_monsterinsights_sitenote_active":false,"_monsterinsights_sitenote_note":"","_monsterinsights_sitenote_category":0,"_uf_show_specific_survey":0,"_uf_disable_surveys":false,"_joinchat":[]},"product_brand":[941],"product_cat":[884],"product_tag":[],"class_list":{"0":"post-32359","1":"product","2":"type-product","3":"status-publish","4":"has-post-thumbnail","6":"product_brand-the-wooden-studio","7":"product_cat-tablouri-si-decoratiuni-pisici","8":"product_shipping_class-greutate-maxima-1-kg","10":"first","11":"instock","12":"shipping-taxable","13":"purchasable","14":"product-type-simple"},"aioseo_notices":[],"_links":{"self":[{"href":"https:\/\/variastore.ro\/en\/wp-json\/wp\/v2\/product\/32359","targetHints":{"allow":["GET"]}}],"collection":[{"href":"https:\/\/variastore.ro\/en\/wp-json\/wp\/v2\/product"}],"about":[{"href":"https:\/\/variastore.ro\/en\/wp-json\/wp\/v2\/types\/product"}],"replies":[{"embeddable":true,"href":"https:\/\/variastore.ro\/en\/wp-json\/wp\/v2\/comments?post=32359"}],"version-history":[{"count":1,"href":"https:\/\/variastore.ro\/en\/wp-json\/wp\/v2\/product\/32359\/revisions"}],"predecessor-version":[{"id":32462,"href":"https:\/\/variastore.ro\/en\/wp-json\/wp\/v2\/product\/32359\/revisions\/32462"}],"wp:featuredmedia":[{"embeddable":true,"href":"https:\/\/variastore.ro\/en\/wp-json\/wp\/v2\/media\/32360"}],"wp:attachment":[{"href":"https:\/\/variastore.ro\/en\/wp-json\/wp\/v2\/media?parent=32359"}],"wp:term":[{"taxonomy":"product_brand","embeddable":true,"href":"https:\/\/variastore.ro\/en\/wp-json\/wp\/v2\/product_brand?post=32359"},{"taxonomy":"product_cat","embeddable":true,"href":"https:\/\/variastore.ro\/en\/wp-json\/wp\/v2\/product_cat?post=32359"},{"taxonomy":"product_tag","embeddable":true,"href":"https:\/\/variastore.ro\/en\/wp-json\/wp\/v2\/product_tag?post=32359"}],"curies":[{"name":"wp","href":"https:\/\/api.w.org\/{rel}","templated":true}]}}