{"id":31158,"date":"2024-06-01T17:55:33","date_gmt":"2024-06-01T17:55:33","guid":{"rendered":"https:\/\/variastore.ro\/?post_type=product&#038;p=31158"},"modified":"2025-03-23T07:25:04","modified_gmt":"2025-03-23T07:25:04","slug":"set-2-bucati-decor-masa-naproane-rosu-handmade-36x36-7","status":"publish","type":"product","link":"https:\/\/variastore.ro\/en\/product\/set-2-bucati-decor-masa-naproane-rosu-handmade-36x36-7\/","title":{"rendered":"Set 2 bucati decor masa (naproane) rosu handmade 36&#215;36"},"content":{"rendered":"<h2 data-sourcepos=\"1:1-1:60\">Decoreaz\u0103-\u021bi masa cu stil: Naproane handmade din Rom\u00e2nia!<\/h2>\n<p data-sourcepos=\"3:1-3:135\"><strong>Cau\u021bi o modalitate de a aduce un plus de personalitate \u0219i frumuse\u021be mesei tale?<\/strong> Atunci ai nevoie de o napron\u0103 handmade din Rom\u00e2nia!<\/p>\n<p data-sourcepos=\"5:1-5:101\"><strong>Realizate cu dragoste \u0219i grij\u0103 de artizani talenta\u021bi,<\/strong> naperonele noastre sunt unice \u0219i speciale.<\/p>\n<p data-sourcepos=\"7:1-7:121\"><strong>Confectionate din materiale textile de \u00eenalt\u0103 calitate,<\/strong> naperonele noastre sunt durabile \u0219i vor rezista ani de zile.<\/p>\n<p data-sourcepos=\"9:1-9:121\"><strong>Disponibile \u00eentr-o varietate de culori, modele \u0219i dimensiuni,<\/strong> naperonele noastre se potrivesc perfect cu orice decor.<\/p>\n<p data-sourcepos=\"11:1-11:141\"><strong>Cuvinte cheie:<\/strong> napron\u0103, handmade, Rom\u00e2nia, decor de mas\u0103, textil, unic, special, durabil, calitate, varietate, culori, modele, dimensiuni<\/p>\n<p data-sourcepos=\"13:1-13:25\"><strong>Detalii suplimentare:<\/strong><\/p>\n<ul data-sourcepos=\"15:1-19:0\">\n<li data-sourcepos=\"15:1-15:58\">Material: textil<\/li>\n<li data-sourcepos=\"16:1-16:66\">Culoare: alb cu rosu<\/li>\n<li data-sourcepos=\"17:1-17:65\">Model: geometric<\/li>\n<li data-sourcepos=\"18:1-19:0\">Dimensiune: 36 cm x 36 cm<\/li>\n<\/ul>\n<p data-sourcepos=\"20:1-20:51\"><strong>Comand\u0103 ast\u0103zi naprona ta handmade din Rom\u00e2nia!<\/strong><\/p>\n<p data-sourcepos=\"22:1-22:14\"><strong>Beneficii:<\/strong><\/p>\n<ul data-sourcepos=\"24:1-27:0\">\n<li data-sourcepos=\"24:1-24:28\">Sus\u021bine\u021bi artizanii rom\u00e2ni<\/li>\n<li data-sourcepos=\"25:1-25:35\">Primi\u021bi un produs unic \u0219i special<\/li>\n<li data-sourcepos=\"26:1-27:0\">Adaug\u0103 un plus de personalitate \u0219i frumuse\u021be mesei tale<\/li>\n<\/ul>\n<p data-sourcepos=\"28:1-28:33\"><strong>Nu mai a\u0219tepta! Comand\u0103 acum!<\/strong><\/p>","protected":false},"excerpt":{"rendered":"<p>Decoreaz\u0103-\u021bi masa cu stil: Naproane handmade din Rom\u00e2nia! Cau\u021bi o modalitate de a aduce un plus de personalitate \u0219i frumuse\u021be<\/p>","protected":false},"featured_media":30057,"comment_status":"open","ping_status":"closed","template":"","meta":{"om_disable_all_campaigns":false,"_monsterinsights_skip_tracking":false,"_monsterinsights_sitenote_active":false,"_monsterinsights_sitenote_note":"","_monsterinsights_sitenote_category":0,"_uf_show_specific_survey":0,"_uf_disable_surveys":false,"_joinchat":[]},"product_brand":[942],"product_cat":[664],"product_tag":[825,822,828,827,824,823,811,812,826,821],"class_list":{"0":"post-31158","1":"product","2":"type-product","3":"status-publish","4":"has-post-thumbnail","6":"product_brand-craft-art","7":"product_cat-decor-masa-hand-made","8":"product_tag-arta-de-perete","9":"product_tag-arta-din-fetru","10":"product_tag-arta-la-comanda","11":"product_tag-arta-personalizata","12":"product_tag-broderie-artistica","13":"product_tag-broderie-cu-acul","14":"product_tag-cadou-handmade","15":"product_tag-cadou-unic","16":"product_tag-decor-pentru-casa","17":"product_tag-tablou-cusut-manual-din-fetru","18":"product_shipping_class-greutate-maxima-1-kg","19":"pa_brand-craft-art-by-dani","20":"pa_material-fetru","22":"first","23":"instock","24":"shipping-taxable","25":"purchasable","26":"product-type-simple"},"aioseo_notices":[],"_links":{"self":[{"href":"https:\/\/variastore.ro\/en\/wp-json\/wp\/v2\/product\/31158","targetHints":{"allow":["GET"]}}],"collection":[{"href":"https:\/\/variastore.ro\/en\/wp-json\/wp\/v2\/product"}],"about":[{"href":"https:\/\/variastore.ro\/en\/wp-json\/wp\/v2\/types\/product"}],"replies":[{"embeddable":true,"href":"https:\/\/variastore.ro\/en\/wp-json\/wp\/v2\/comments?post=31158"}],"version-history":[{"count":1,"href":"https:\/\/variastore.ro\/en\/wp-json\/wp\/v2\/product\/31158\/revisions"}],"predecessor-version":[{"id":31187,"href":"https:\/\/variastore.ro\/en\/wp-json\/wp\/v2\/product\/31158\/revisions\/31187"}],"wp:featuredmedia":[{"embeddable":true,"href":"https:\/\/variastore.ro\/en\/wp-json\/wp\/v2\/media\/30057"}],"wp:attachment":[{"href":"https:\/\/variastore.ro\/en\/wp-json\/wp\/v2\/media?parent=31158"}],"wp:term":[{"taxonomy":"product_brand","embeddable":true,"href":"https:\/\/variastore.ro\/en\/wp-json\/wp\/v2\/product_brand?post=31158"},{"taxonomy":"product_cat","embeddable":true,"href":"https:\/\/variastore.ro\/en\/wp-json\/wp\/v2\/product_cat?post=31158"},{"taxonomy":"product_tag","embeddable":true,"href":"https:\/\/variastore.ro\/en\/wp-json\/wp\/v2\/product_tag?post=31158"}],"curies":[{"name":"wp","href":"https:\/\/api.w.org\/{rel}","templated":true}]}}